{"id":1180,"date":"2022-05-28T21:23:16","date_gmt":"2022-05-28T21:23:16","guid":{"rendered":"https:\/\/abaydentalcentre.com\/ueber-uns\/"},"modified":"2023-01-24T01:20:57","modified_gmt":"2023-01-24T01:20:57","slug":"ueber-uns","status":"publish","type":"page","link":"https:\/\/abaydentalcentre.com\/de\/ueber-uns\/","title":{"rendered":"\u00dcber uns"},"content":{"rendered":"\t\t<div data-elementor-type=\"wp-page\" data-elementor-id=\"1180\" class=\"elementor elementor-1180\">\n\t\t\t\t\t\t<section class=\"elementor-section elementor-top-section elementor-element elementor-element-8794ba5 elementor-section-boxed elementor-section-height-default elementor-section-height-default\" data-id=\"8794ba5\" data-element_type=\"section\" data-e-type=\"section\" data-settings=\"{&quot;background_background&quot;:&quot;classic&quot;,&quot;ekit_has_onepagescroll_dot&quot;:&quot;yes&quot;}\">\n\t\t\t\t\t\t\t<div class=\"elementor-background-overlay\"><\/div>\n\t\t\t\t\t\t\t<div class=\"elementor-container elementor-column-gap-default\">\n\t\t\t\t\t<div class=\"elementor-column elementor-col-50 elementor-top-column elementor-element elementor-element-cd1f903\" data-id=\"cd1f903\" data-element_type=\"column\" data-e-type=\"column\">\n\t\t\t<div class=\"elementor-widget-wrap elementor-element-populated\">\n\t\t\t\t\t\t<div class=\"elementor-element elementor-element-097bc88 elementor-widget elementor-widget-heading\" data-id=\"097bc88\" data-element_type=\"widget\" data-e-type=\"widget\" data-settings=\"{&quot;ekit_we_effect_on&quot;:&quot;none&quot;}\" data-widget_type=\"heading.default\">\n\t\t\t\t<div class=\"elementor-widget-container\">\n\t\t\t\t\t<h2 class=\"elementor-heading-title elementor-size-default\">Zahnarzt, auch als Zahnchirurg bekannt Der Zahnarzt erbringt Dienstleistungen im Bereich der Mundgesundheit.<\/h2>\t\t\t\t<\/div>\n\t\t\t\t<\/div>\n\t\t\t\t<div class=\"elementor-element elementor-element-1ddcb9b elementor-widget elementor-widget-text-editor\" data-id=\"1ddcb9b\" data-element_type=\"widget\" data-e-type=\"widget\" data-settings=\"{&quot;ekit_we_effect_on&quot;:&quot;none&quot;}\" data-widget_type=\"text-editor.default\">\n\t\t\t\t<div class=\"elementor-widget-container\">\n\t\t\t\t\t\t\t\t\tDas von dem Zahnarzt Abdullah Abay in Konyaalt\u0131, Antalya, gegr\u00fcndete Abay Dental Centre setzt seine Aktivit\u00e4ten fort, indem es sich auf die Qualit\u00e4t der Dienstleistungen und die Zufriedenheit der Patienten konzentriert.\r\n\r\nUnsere Poliklinik ist davon \u00fcberzeugt, dass das beste Geschenk, das wir unseren gesch\u00e4tzten Patienten machen k\u00f6nnen, ein L\u00e4cheln ist. Mit unserem Expertenteam und den mit modernster Technologie ausgestatteten Kliniken bieten wir Dienstleistungen von h\u00f6chster Qualit\u00e4t im Bereich der Mund- und Zahngesundheit.\r\n\r\nIn unserer Zahnklinik in Antalya Konyaalt\u0131 bieten spezialisierte Zahn\u00e4rzte Dienstleistungen in den Bereichen Implantate, Kieferorthop\u00e4die (Korrektur schiefer Z\u00e4hne), Mund-, Kiefer- und Gesichtschirurgie, P\u00e4dodontie (Kinderzahnheilkunde), Endodontie (Kanalbehandlung), konservierende Behandlung (F\u00fcllungen) und \u00e4sthetische Zahnmedizin an.\t\t\t\t\t\t\t\t<\/div>\n\t\t\t\t<\/div>\n\t\t\t\t\t<\/div>\n\t\t<\/div>\n\t\t\t\t<div class=\"elementor-column elementor-col-50 elementor-top-column elementor-element elementor-element-8441804\" data-id=\"8441804\" data-element_type=\"column\" data-e-type=\"column\">\n\t\t\t<div class=\"elementor-widget-wrap elementor-element-populated\">\n\t\t\t\t\t\t<div class=\"elementor-element elementor-element-cfe26e4 elementor-widget elementor-widget-image\" data-id=\"cfe26e4\" data-element_type=\"widget\" data-e-type=\"widget\" data-settings=\"{&quot;ekit_we_effect_on&quot;:&quot;none&quot;}\" data-widget_type=\"image.default\">\n\t\t\t\t<div class=\"elementor-widget-container\">\n\t\t\t\t\t\t\t\t\t\t\t\t\t\t\t<img fetchpriority=\"high\" decoding=\"async\" width=\"1920\" height=\"1372\" src=\"https:\/\/i0.wp.com\/abaydentalcentre.com\/wp-content\/uploads\/2022\/06\/abay_crew.jpg?fit=1920%2C1372&amp;ssl=1\" class=\"attachment-full size-full wp-image-801\" alt=\"\" srcset=\"https:\/\/i0.wp.com\/abaydentalcentre.com\/wp-content\/uploads\/2022\/06\/abay_crew.jpg?w=1920&amp;ssl=1 1920w, https:\/\/i0.wp.com\/abaydentalcentre.com\/wp-content\/uploads\/2022\/06\/abay_crew.jpg?resize=300%2C214&amp;ssl=1 300w, https:\/\/i0.wp.com\/abaydentalcentre.com\/wp-content\/uploads\/2022\/06\/abay_crew.jpg?resize=1024%2C732&amp;ssl=1 1024w, https:\/\/i0.wp.com\/abaydentalcentre.com\/wp-content\/uploads\/2022\/06\/abay_crew.jpg?resize=768%2C549&amp;ssl=1 768w, https:\/\/i0.wp.com\/abaydentalcentre.com\/wp-content\/uploads\/2022\/06\/abay_crew.jpg?resize=1536%2C1098&amp;ssl=1 1536w\" sizes=\"(max-width: 1920px) 100vw, 1920px\" \/>\t\t\t\t\t\t\t\t\t\t\t\t\t\t\t<\/div>\n\t\t\t\t<\/div>\n\t\t\t\t\t<\/div>\n\t\t<\/div>\n\t\t\t\t\t<\/div>\n\t\t<\/section>\n\t\t\t\t<section class=\"elementor-section elementor-top-section elementor-element elementor-element-32a10e7 elementor-section-content-middle elementor-section-boxed elementor-section-height-default elementor-section-height-default\" data-id=\"32a10e7\" data-element_type=\"section\" data-e-type=\"section\" data-settings=\"{&quot;background_background&quot;:&quot;classic&quot;,&quot;ekit_has_onepagescroll_dot&quot;:&quot;yes&quot;}\">\n\t\t\t\t\t\t\t<div class=\"elementor-background-overlay\"><\/div>\n\t\t\t\t\t\t\t<div class=\"elementor-container elementor-column-gap-default\">\n\t\t\t\t\t<div class=\"elementor-column elementor-col-50 elementor-top-column elementor-element elementor-element-a74a2ac\" data-id=\"a74a2ac\" data-element_type=\"column\" data-e-type=\"column\">\n\t\t\t<div class=\"elementor-widget-wrap elementor-element-populated\">\n\t\t\t\t\t\t<div class=\"elementor-element elementor-element-a9c3f76 elementor-widget elementor-widget-image\" data-id=\"a9c3f76\" data-element_type=\"widget\" data-e-type=\"widget\" data-settings=\"{&quot;ekit_we_effect_on&quot;:&quot;none&quot;}\" data-widget_type=\"image.default\">\n\t\t\t\t<div class=\"elementor-widget-container\">\n\t\t\t\t\t\t\t\t\t\t\t\t\t\t\t<img decoding=\"async\" width=\"800\" height=\"450\" src=\"https:\/\/i0.wp.com\/abaydentalcentre.com\/wp-content\/uploads\/2022\/06\/abay_abdullah-e1686906050856.jpg?fit=800%2C450&amp;ssl=1\" class=\"attachment-full size-full wp-image-803\" alt=\"\" srcset=\"https:\/\/i0.wp.com\/abaydentalcentre.com\/wp-content\/uploads\/2022\/06\/abay_abdullah-e1686906050856.jpg?w=800&amp;ssl=1 800w, https:\/\/i0.wp.com\/abaydentalcentre.com\/wp-content\/uploads\/2022\/06\/abay_abdullah-e1686906050856.jpg?resize=300%2C169&amp;ssl=1 300w, https:\/\/i0.wp.com\/abaydentalcentre.com\/wp-content\/uploads\/2022\/06\/abay_abdullah-e1686906050856.jpg?resize=768%2C432&amp;ssl=1 768w\" sizes=\"(max-width: 800px) 100vw, 800px\" \/>\t\t\t\t\t\t\t\t\t\t\t\t\t\t\t<\/div>\n\t\t\t\t<\/div>\n\t\t\t\t\t<\/div>\n\t\t<\/div>\n\t\t\t\t<div class=\"elementor-column elementor-col-50 elementor-top-column elementor-element elementor-element-c8f150e\" data-id=\"c8f150e\" data-element_type=\"column\" data-e-type=\"column\">\n\t\t\t<div class=\"elementor-widget-wrap elementor-element-populated\">\n\t\t\t\t\t\t<div class=\"elementor-element elementor-element-7ab4c90 elementor-widget elementor-widget-heading\" data-id=\"7ab4c90\" data-element_type=\"widget\" data-e-type=\"widget\" data-settings=\"{&quot;ekit_we_effect_on&quot;:&quot;none&quot;}\" data-widget_type=\"heading.default\">\n\t\t\t\t<div class=\"elementor-widget-container\">\n\t\t\t\t\t<h2 class=\"elementor-heading-title elementor-size-default\">Dr. Abdullah Abay<\/h2>\t\t\t\t<\/div>\n\t\t\t\t<\/div>\n\t\t\t\t<div class=\"elementor-element elementor-element-b8df5a1 elementor-widget elementor-widget-text-editor\" data-id=\"b8df5a1\" data-element_type=\"widget\" data-e-type=\"widget\" data-settings=\"{&quot;ekit_we_effect_on&quot;:&quot;none&quot;}\" data-widget_type=\"text-editor.default\">\n\t\t\t\t<div class=\"elementor-widget-container\">\n\t\t\t\t\t\t\t\t\tDr. Abdullah Abay wurde 1985 in Antalya geboren. Er schloss sein Studium an der Near East University ab. Nach seinem Abschluss beschloss er, eine weltweite Marke mit dem Namen &#8222;AbayDental&#8220; zu gr\u00fcnden, die Zahnbehandlungen von h\u00f6chster Qualit\u00e4t zu vern\u00fcnftigen Preisen anbietet.\r\n\r\nSeine Hauptfachgebiete sind Implantate und Laminatveneers.\t\t\t\t\t\t\t\t<\/div>\n\t\t\t\t<\/div>\n\t\t\t\t\t<\/div>\n\t\t<\/div>\n\t\t\t\t\t<\/div>\n\t\t<\/section>\n\t\t\t\t<section class=\"elementor-section elementor-top-section elementor-element elementor-element-996cb95 elementor-section-content-middle elementor-section-boxed elementor-section-height-default elementor-section-height-default\" data-id=\"996cb95\" data-element_type=\"section\" data-e-type=\"section\" data-settings=\"{&quot;background_background&quot;:&quot;classic&quot;,&quot;ekit_has_onepagescroll_dot&quot;:&quot;yes&quot;}\">\n\t\t\t\t\t\t\t<div class=\"elementor-background-overlay\"><\/div>\n\t\t\t\t\t\t\t<div class=\"elementor-container elementor-column-gap-default\">\n\t\t\t\t\t<div class=\"elementor-column elementor-col-50 elementor-top-column elementor-element elementor-element-1394ce2\" data-id=\"1394ce2\" data-element_type=\"column\" data-e-type=\"column\">\n\t\t\t<div class=\"elementor-widget-wrap elementor-element-populated\">\n\t\t\t\t\t\t<div class=\"elementor-element elementor-element-c4a92a0 elementor-widget elementor-widget-heading\" data-id=\"c4a92a0\" data-element_type=\"widget\" data-e-type=\"widget\" data-settings=\"{&quot;ekit_we_effect_on&quot;:&quot;none&quot;}\" data-widget_type=\"heading.default\">\n\t\t\t\t<div class=\"elementor-widget-container\">\n\t\t\t\t\t<h2 class=\"elementor-heading-title elementor-size-default\">Dr. Nuri Alkan<\/h2>\t\t\t\t<\/div>\n\t\t\t\t<\/div>\n\t\t\t\t<div class=\"elementor-element elementor-element-f0b68c4 elementor-widget elementor-widget-text-editor\" data-id=\"f0b68c4\" data-element_type=\"widget\" data-e-type=\"widget\" data-settings=\"{&quot;ekit_we_effect_on&quot;:&quot;none&quot;}\" data-widget_type=\"text-editor.default\">\n\t\t\t\t<div class=\"elementor-widget-container\">\n\t\t\t\t\t\t\t\t\t<p>Dr. Nuri Alkan wurde 1993 in Antalya geboren. Er schloss 2018 sein Studium an der S\u00fcleyman-Demirel-Universit\u00e4t ab. Dt. Nuri Alkan hat an vielen nationalen und internationalen wissenschaftlichen Kongressen teilgenommen und ist sehr erfahren in der Parodontologie.<\/p><p>Er spricht fortgeschrittenes Englisch.<\/p>\t\t\t\t\t\t\t\t<\/div>\n\t\t\t\t<\/div>\n\t\t\t\t\t<\/div>\n\t\t<\/div>\n\t\t\t\t<div class=\"elementor-column elementor-col-50 elementor-top-column elementor-element elementor-element-3638b40\" data-id=\"3638b40\" data-element_type=\"column\" data-e-type=\"column\">\n\t\t\t<div class=\"elementor-widget-wrap elementor-element-populated\">\n\t\t\t\t\t\t<div class=\"elementor-element elementor-element-e2e5064 elementor-widget elementor-widget-image\" data-id=\"e2e5064\" data-element_type=\"widget\" data-e-type=\"widget\" data-settings=\"{&quot;ekit_we_effect_on&quot;:&quot;none&quot;}\" data-widget_type=\"image.default\">\n\t\t\t\t<div class=\"elementor-widget-container\">\n\t\t\t\t\t\t\t\t\t\t\t\t\t\t\t<img decoding=\"async\" width=\"2560\" height=\"1740\" src=\"https:\/\/i0.wp.com\/abaydentalcentre.com\/wp-content\/uploads\/2022\/10\/IMG_2772-1-scaled.jpg?fit=2560%2C1740&amp;ssl=1\" class=\"attachment-full size-full wp-image-1249\" alt=\"\" srcset=\"https:\/\/i0.wp.com\/abaydentalcentre.com\/wp-content\/uploads\/2022\/10\/IMG_2772-1-scaled.jpg?w=2560&amp;ssl=1 2560w, https:\/\/i0.wp.com\/abaydentalcentre.com\/wp-content\/uploads\/2022\/10\/IMG_2772-1-scaled.jpg?resize=300%2C204&amp;ssl=1 300w, https:\/\/i0.wp.com\/abaydentalcentre.com\/wp-content\/uploads\/2022\/10\/IMG_2772-1-scaled.jpg?resize=1024%2C696&amp;ssl=1 1024w, https:\/\/i0.wp.com\/abaydentalcentre.com\/wp-content\/uploads\/2022\/10\/IMG_2772-1-scaled.jpg?resize=768%2C522&amp;ssl=1 768w, https:\/\/i0.wp.com\/abaydentalcentre.com\/wp-content\/uploads\/2022\/10\/IMG_2772-1-scaled.jpg?resize=1536%2C1044&amp;ssl=1 1536w, https:\/\/i0.wp.com\/abaydentalcentre.com\/wp-content\/uploads\/2022\/10\/IMG_2772-1-scaled.jpg?resize=2048%2C1392&amp;ssl=1 2048w, https:\/\/i0.wp.com\/abaydentalcentre.com\/wp-content\/uploads\/2022\/10\/IMG_2772-1-scaled.jpg?w=2400&amp;ssl=1 2400w\" sizes=\"(max-width: 2560px) 100vw, 2560px\" \/>\t\t\t\t\t\t\t\t\t\t\t\t\t\t\t<\/div>\n\t\t\t\t<\/div>\n\t\t\t\t\t<\/div>\n\t\t<\/div>\n\t\t\t\t\t<\/div>\n\t\t<\/section>\n\t\t\t\t<section class=\"elementor-section elementor-top-section elementor-element elementor-element-9f5782d elementor-section-boxed elementor-section-height-default elementor-section-height-default\" data-id=\"9f5782d\" data-element_type=\"section\" data-e-type=\"section\" data-settings=\"{&quot;background_background&quot;:&quot;classic&quot;,&quot;ekit_has_onepagescroll_dot&quot;:&quot;yes&quot;}\">\n\t\t\t\t\t\t\t<div class=\"elementor-background-overlay\"><\/div>\n\t\t\t\t\t\t\t<div class=\"elementor-container elementor-column-gap-default\">\n\t\t\t\t\t<div class=\"elementor-column elementor-col-100 elementor-top-column elementor-element elementor-element-0bdb45a\" data-id=\"0bdb45a\" data-element_type=\"column\" data-e-type=\"column\">\n\t\t\t<div class=\"elementor-widget-wrap elementor-element-populated\">\n\t\t\t\t\t\t<div class=\"elementor-element elementor-element-21a36f6 elementor-widget elementor-widget-heading\" data-id=\"21a36f6\" data-element_type=\"widget\" data-e-type=\"widget\" data-settings=\"{&quot;ekit_we_effect_on&quot;:&quot;none&quot;}\" data-widget_type=\"heading.default\">\n\t\t\t\t<div class=\"elementor-widget-container\">\n\t\t\t\t\t<h2 class=\"elementor-heading-title elementor-size-default\">Unser Auftrag<\/h2>\t\t\t\t<\/div>\n\t\t\t\t<\/div>\n\t\t\t\t<div class=\"elementor-element elementor-element-368fd83 elementor-widget elementor-widget-text-editor\" data-id=\"368fd83\" data-element_type=\"widget\" data-e-type=\"widget\" data-settings=\"{&quot;ekit_we_effect_on&quot;:&quot;none&quot;}\" data-widget_type=\"text-editor.default\">\n\t\t\t\t<div class=\"elementor-widget-container\">\n\t\t\t\t\t\t\t\t\tAls Abay Dental Familie dienen wir allen unseren Patienten mit maximaler Hingabe und Zufriedenheitsgarantie.\r\n\r\nWir verpflichten uns zur Exzellenz in allen unseren Dienstleistungen f\u00fcr unsere Patienten, damit wir ihnen helfen k\u00f6nnen, das h\u00f6chste Niveau der Zahngesundheit zu erreichen, das ihren Bed\u00fcrfnissen entspricht, in einer Atmosph\u00e4re des Vertrauens und des Mitgef\u00fchls.\t\t\t\t\t\t\t\t<\/div>\n\t\t\t\t<\/div>\n\t\t\t\t<div class=\"elementor-element elementor-element-b2367c9 elementor-widget elementor-widget-heading\" data-id=\"b2367c9\" data-element_type=\"widget\" data-e-type=\"widget\" data-settings=\"{&quot;ekit_we_effect_on&quot;:&quot;none&quot;}\" data-widget_type=\"heading.default\">\n\t\t\t\t<div class=\"elementor-widget-container\">\n\t\t\t\t\t<h2 class=\"elementor-heading-title elementor-size-default\">Unsere Vision<\/h2>\t\t\t\t<\/div>\n\t\t\t\t<\/div>\n\t\t\t\t<div class=\"elementor-element elementor-element-e1aa12b elementor-widget elementor-widget-text-editor\" data-id=\"e1aa12b\" data-element_type=\"widget\" data-e-type=\"widget\" data-settings=\"{&quot;ekit_we_effect_on&quot;:&quot;none&quot;}\" data-widget_type=\"text-editor.default\">\n\t\t\t\t<div class=\"elementor-widget-container\">\n\t\t\t\t\t\t\t\t\tWir im Abay Dental Centre werden uns st\u00e4ndig \u00fcber die besten und aktuellsten Materialien und Technologien auf dem Gebiet der Zahnmedizin und der Infektionskontrolle informieren.\r\n\r\nWir werden die zahnmedizinischen Bed\u00fcrfnisse unserer Patienten mit dem h\u00f6chsten Ma\u00df an Sorgfalt, Kompetenz, Urteilsverm\u00f6gen und Komfort behandeln.\r\n\r\nWir werden uns anpassen, wachsen und uns mit unserem Beruf und der Gesellschaft weiterentwickeln.\r\n\r\nWir werden unsere Patienten und unsere Teammitglieder wertsch\u00e4tzen, mit ihnen kommunizieren und uns in sie einf\u00fchlen, damit wir das Leben aller Menschen, die an der Erf\u00fcllung unserer Aufgabe beteiligt sind, verbessern k\u00f6nnen.\t\t\t\t\t\t\t\t<\/div>\n\t\t\t\t<\/div>\n\t\t\t\t\t<\/div>\n\t\t<\/div>\n\t\t\t\t\t<\/div>\n\t\t<\/section>\n\t\t\t\t<\/div>\n\t\t","protected":false},"excerpt":{"rendered":"<p>Zahnarzt, auch als Zahnchirurg bekannt Der Zahnarzt erbringt Dienstleistungen im Bereich der Mundgesundheit. Das von dem Zahnarzt Abdullah Abay in Konyaalt\u0131, Antalya, gegr\u00fcndete Abay Dental Centre setzt seine Aktivit\u00e4ten fort, indem es sich auf die Qualit\u00e4t der Dienstleistungen und die Zufriedenheit der Patienten konzentriert. Unsere Poliklinik ist davon \u00fcberzeugt, dass das beste Geschenk, das wir&hellip;&nbsp;<\/p>\n","protected":false},"author":1,"featured_media":0,"parent":0,"menu_order":0,"comment_status":"closed","ping_status":"closed","template":"","meta":{"neve_meta_sidebar":"","neve_meta_container":"","neve_meta_enable_content_width":"","neve_meta_content_width":0,"neve_meta_title_alignment":"","neve_meta_author_avatar":"","neve_post_elements_order":"","neve_meta_disable_header":"","neve_meta_disable_footer":"","neve_meta_disable_title":"","footnotes":""},"class_list":["post-1180","page","type-page","status-publish","hentry"],"yoast_head":"<!-- This site is optimized with the Yoast SEO plugin v27.4 - https:\/\/yoast.com\/product\/yoast-seo-wordpress\/ -->\n<title>\u00dcber uns - Abay Dental<\/title>\n<meta name=\"description\" content=\"Zahnarzt, auch als Zahnchirurg bekannt Der Zahnarzt erbringt Dienstleistungen im Bereich der Mundgesundheit.\" \/>\n<meta name=\"robots\" content=\"index, follow, max-snippet:-1, max-image-preview:large, max-video-preview:-1\" \/>\n<link rel=\"canonical\" href=\"https:\/\/abaydentalcentre.com\/de\/ueber-uns\/\" \/>\n<meta property=\"og:locale\" content=\"de_DE\" \/>\n<meta property=\"og:type\" content=\"article\" \/>\n<meta property=\"og:title\" content=\"\u00dcber uns - Abay Dental\" \/>\n<meta property=\"og:description\" content=\"Zahnarzt, auch als Zahnchirurg bekannt Der Zahnarzt erbringt Dienstleistungen im Bereich der Mundgesundheit.\" \/>\n<meta property=\"og:url\" content=\"https:\/\/abaydentalcentre.com\/de\/ueber-uns\/\" \/>\n<meta property=\"og:site_name\" content=\"Abay Dental\" \/>\n<meta property=\"article:publisher\" content=\"https:\/\/facebook.com\/abaydentalclinic\/\" \/>\n<meta property=\"article:modified_time\" content=\"2023-01-24T01:20:57+00:00\" \/>\n<meta property=\"og:image\" content=\"https:\/\/abaydentalcentre.com\/wp-content\/uploads\/2022\/06\/abay_crew.jpg\" \/>\n<meta name=\"twitter:card\" content=\"summary_large_image\" \/>\n<meta name=\"twitter:label1\" content=\"Gesch\u00e4tzte Lesezeit\" \/>\n\t<meta name=\"twitter:data1\" content=\"3\u00a0Minuten\" \/>\n<script type=\"application\/ld+json\" class=\"yoast-schema-graph\">{\"@context\":\"https:\\\/\\\/schema.org\",\"@graph\":[{\"@type\":\"WebPage\",\"@id\":\"https:\\\/\\\/abaydentalcentre.com\\\/de\\\/ueber-uns\\\/\",\"url\":\"https:\\\/\\\/abaydentalcentre.com\\\/de\\\/ueber-uns\\\/\",\"name\":\"\u00dcber uns - Abay Dental\",\"isPartOf\":{\"@id\":\"https:\\\/\\\/abaydentalcentre.com\\\/#website\"},\"primaryImageOfPage\":{\"@id\":\"https:\\\/\\\/abaydentalcentre.com\\\/de\\\/ueber-uns\\\/#primaryimage\"},\"image\":{\"@id\":\"https:\\\/\\\/abaydentalcentre.com\\\/de\\\/ueber-uns\\\/#primaryimage\"},\"thumbnailUrl\":\"https:\\\/\\\/abaydentalcentre.com\\\/wp-content\\\/uploads\\\/2022\\\/06\\\/abay_crew.jpg\",\"datePublished\":\"2022-05-28T21:23:16+00:00\",\"dateModified\":\"2023-01-24T01:20:57+00:00\",\"description\":\"Zahnarzt, auch als Zahnchirurg bekannt Der Zahnarzt erbringt Dienstleistungen im Bereich der Mundgesundheit.\",\"breadcrumb\":{\"@id\":\"https:\\\/\\\/abaydentalcentre.com\\\/de\\\/ueber-uns\\\/#breadcrumb\"},\"inLanguage\":\"de\",\"potentialAction\":[{\"@type\":\"ReadAction\",\"target\":[\"https:\\\/\\\/abaydentalcentre.com\\\/de\\\/ueber-uns\\\/\"]}]},{\"@type\":\"ImageObject\",\"inLanguage\":\"de\",\"@id\":\"https:\\\/\\\/abaydentalcentre.com\\\/de\\\/ueber-uns\\\/#primaryimage\",\"url\":\"https:\\\/\\\/abaydentalcentre.com\\\/wp-content\\\/uploads\\\/2022\\\/06\\\/abay_crew.jpg\",\"contentUrl\":\"https:\\\/\\\/abaydentalcentre.com\\\/wp-content\\\/uploads\\\/2022\\\/06\\\/abay_crew.jpg\"},{\"@type\":\"BreadcrumbList\",\"@id\":\"https:\\\/\\\/abaydentalcentre.com\\\/de\\\/ueber-uns\\\/#breadcrumb\",\"itemListElement\":[{\"@type\":\"ListItem\",\"position\":1,\"name\":\"Home\",\"item\":\"https:\\\/\\\/abaydentalcentre.com\\\/de\\\/\"},{\"@type\":\"ListItem\",\"position\":2,\"name\":\"\u00dcber uns\"}]},{\"@type\":\"WebSite\",\"@id\":\"https:\\\/\\\/abaydentalcentre.com\\\/#website\",\"url\":\"https:\\\/\\\/abaydentalcentre.com\\\/\",\"name\":\"Abay Dental\",\"description\":\"Dental Treatment in Antalya\",\"publisher\":{\"@id\":\"https:\\\/\\\/abaydentalcentre.com\\\/#organization\"},\"potentialAction\":[{\"@type\":\"SearchAction\",\"target\":{\"@type\":\"EntryPoint\",\"urlTemplate\":\"https:\\\/\\\/abaydentalcentre.com\\\/?s={search_term_string}\"},\"query-input\":{\"@type\":\"PropertyValueSpecification\",\"valueRequired\":true,\"valueName\":\"search_term_string\"}}],\"inLanguage\":\"de\"},{\"@type\":\"Organization\",\"@id\":\"https:\\\/\\\/abaydentalcentre.com\\\/#organization\",\"name\":\"Abay Dental\",\"url\":\"https:\\\/\\\/abaydentalcentre.com\\\/\",\"logo\":{\"@type\":\"ImageObject\",\"inLanguage\":\"de\",\"@id\":\"https:\\\/\\\/abaydentalcentre.com\\\/#\\\/schema\\\/logo\\\/image\\\/\",\"url\":\"https:\\\/\\\/i0.wp.com\\\/abaydentalcentre.com\\\/wp-content\\\/uploads\\\/2023\\\/01\\\/abay_logo_dikey_koyu.png?fit=4877%2C4414&ssl=1\",\"contentUrl\":\"https:\\\/\\\/i0.wp.com\\\/abaydentalcentre.com\\\/wp-content\\\/uploads\\\/2023\\\/01\\\/abay_logo_dikey_koyu.png?fit=4877%2C4414&ssl=1\",\"width\":4877,\"height\":4414,\"caption\":\"Abay Dental\"},\"image\":{\"@id\":\"https:\\\/\\\/abaydentalcentre.com\\\/#\\\/schema\\\/logo\\\/image\\\/\"},\"sameAs\":[\"https:\\\/\\\/facebook.com\\\/abaydentalclinic\\\/\",\"https:\\\/\\\/instagram.com\\\/abay.dental\"]}]}<\/script>\n<!-- \/ Yoast SEO plugin. -->","yoast_head_json":{"title":"\u00dcber uns - Abay Dental","description":"Zahnarzt, auch als Zahnchirurg bekannt Der Zahnarzt erbringt Dienstleistungen im Bereich der Mundgesundheit.","robots":{"index":"index","follow":"follow","max-snippet":"max-snippet:-1","max-image-preview":"max-image-preview:large","max-video-preview":"max-video-preview:-1"},"canonical":"https:\/\/abaydentalcentre.com\/de\/ueber-uns\/","og_locale":"de_DE","og_type":"article","og_title":"\u00dcber uns - Abay Dental","og_description":"Zahnarzt, auch als Zahnchirurg bekannt Der Zahnarzt erbringt Dienstleistungen im Bereich der Mundgesundheit.","og_url":"https:\/\/abaydentalcentre.com\/de\/ueber-uns\/","og_site_name":"Abay Dental","article_publisher":"https:\/\/facebook.com\/abaydentalclinic\/","article_modified_time":"2023-01-24T01:20:57+00:00","og_image":[{"url":"https:\/\/abaydentalcentre.com\/wp-content\/uploads\/2022\/06\/abay_crew.jpg","type":"","width":"","height":""}],"twitter_card":"summary_large_image","twitter_misc":{"Gesch\u00e4tzte Lesezeit":"3\u00a0Minuten"},"schema":{"@context":"https:\/\/schema.org","@graph":[{"@type":"WebPage","@id":"https:\/\/abaydentalcentre.com\/de\/ueber-uns\/","url":"https:\/\/abaydentalcentre.com\/de\/ueber-uns\/","name":"\u00dcber uns - Abay Dental","isPartOf":{"@id":"https:\/\/abaydentalcentre.com\/#website"},"primaryImageOfPage":{"@id":"https:\/\/abaydentalcentre.com\/de\/ueber-uns\/#primaryimage"},"image":{"@id":"https:\/\/abaydentalcentre.com\/de\/ueber-uns\/#primaryimage"},"thumbnailUrl":"https:\/\/abaydentalcentre.com\/wp-content\/uploads\/2022\/06\/abay_crew.jpg","datePublished":"2022-05-28T21:23:16+00:00","dateModified":"2023-01-24T01:20:57+00:00","description":"Zahnarzt, auch als Zahnchirurg bekannt Der Zahnarzt erbringt Dienstleistungen im Bereich der Mundgesundheit.","breadcrumb":{"@id":"https:\/\/abaydentalcentre.com\/de\/ueber-uns\/#breadcrumb"},"inLanguage":"de","potentialAction":[{"@type":"ReadAction","target":["https:\/\/abaydentalcentre.com\/de\/ueber-uns\/"]}]},{"@type":"ImageObject","inLanguage":"de","@id":"https:\/\/abaydentalcentre.com\/de\/ueber-uns\/#primaryimage","url":"https:\/\/abaydentalcentre.com\/wp-content\/uploads\/2022\/06\/abay_crew.jpg","contentUrl":"https:\/\/abaydentalcentre.com\/wp-content\/uploads\/2022\/06\/abay_crew.jpg"},{"@type":"BreadcrumbList","@id":"https:\/\/abaydentalcentre.com\/de\/ueber-uns\/#breadcrumb","itemListElement":[{"@type":"ListItem","position":1,"name":"Home","item":"https:\/\/abaydentalcentre.com\/de\/"},{"@type":"ListItem","position":2,"name":"\u00dcber uns"}]},{"@type":"WebSite","@id":"https:\/\/abaydentalcentre.com\/#website","url":"https:\/\/abaydentalcentre.com\/","name":"Abay Dental","description":"Dental Treatment in Antalya","publisher":{"@id":"https:\/\/abaydentalcentre.com\/#organization"},"potentialAction":[{"@type":"SearchAction","target":{"@type":"EntryPoint","urlTemplate":"https:\/\/abaydentalcentre.com\/?s={search_term_string}"},"query-input":{"@type":"PropertyValueSpecification","valueRequired":true,"valueName":"search_term_string"}}],"inLanguage":"de"},{"@type":"Organization","@id":"https:\/\/abaydentalcentre.com\/#organization","name":"Abay Dental","url":"https:\/\/abaydentalcentre.com\/","logo":{"@type":"ImageObject","inLanguage":"de","@id":"https:\/\/abaydentalcentre.com\/#\/schema\/logo\/image\/","url":"https:\/\/i0.wp.com\/abaydentalcentre.com\/wp-content\/uploads\/2023\/01\/abay_logo_dikey_koyu.png?fit=4877%2C4414&ssl=1","contentUrl":"https:\/\/i0.wp.com\/abaydentalcentre.com\/wp-content\/uploads\/2023\/01\/abay_logo_dikey_koyu.png?fit=4877%2C4414&ssl=1","width":4877,"height":4414,"caption":"Abay Dental"},"image":{"@id":"https:\/\/abaydentalcentre.com\/#\/schema\/logo\/image\/"},"sameAs":["https:\/\/facebook.com\/abaydentalclinic\/","https:\/\/instagram.com\/abay.dental"]}]}},"jetpack_sharing_enabled":true,"_links":{"self":[{"href":"https:\/\/abaydentalcentre.com\/de\/wp-json\/wp\/v2\/pages\/1180","targetHints":{"allow":["GET"]}}],"collection":[{"href":"https:\/\/abaydentalcentre.com\/de\/wp-json\/wp\/v2\/pages"}],"about":[{"href":"https:\/\/abaydentalcentre.com\/de\/wp-json\/wp\/v2\/types\/page"}],"author":[{"embeddable":true,"href":"https:\/\/abaydentalcentre.com\/de\/wp-json\/wp\/v2\/users\/1"}],"replies":[{"embeddable":true,"href":"https:\/\/abaydentalcentre.com\/de\/wp-json\/wp\/v2\/comments?post=1180"}],"version-history":[{"count":5,"href":"https:\/\/abaydentalcentre.com\/de\/wp-json\/wp\/v2\/pages\/1180\/revisions"}],"predecessor-version":[{"id":1770,"href":"https:\/\/abaydentalcentre.com\/de\/wp-json\/wp\/v2\/pages\/1180\/revisions\/1770"}],"wp:attachment":[{"href":"https:\/\/abaydentalcentre.com\/de\/wp-json\/wp\/v2\/media?parent=1180"}],"curies":[{"name":"wp","href":"https:\/\/api.w.org\/{rel}","templated":true}]}}