{"id":1671,"date":"2023-01-16T13:11:01","date_gmt":"2023-01-16T13:11:01","guid":{"rendered":"https:\/\/abaydentalcentre.com\/smile-makeover\/"},"modified":"2023-01-24T01:19:40","modified_gmt":"2023-01-24T01:19:40","slug":"smile-makeover","status":"publish","type":"page","link":"https:\/\/abaydentalcentre.com\/de\/smile-makeover\/","title":{"rendered":"Smile Makeover"},"content":{"rendered":"\t\t<div data-elementor-type=\"wp-page\" data-elementor-id=\"1671\" class=\"elementor elementor-1671\">\n\t\t\t\t\t\t<section class=\"elementor-section elementor-top-section elementor-element elementor-element-3c4e664 elementor-section-boxed elementor-section-height-default elementor-section-height-default\" data-id=\"3c4e664\" data-element_type=\"section\" data-e-type=\"section\" data-settings=\"{&quot;ekit_has_onepagescroll_dot&quot;:&quot;yes&quot;}\">\n\t\t\t\t\t\t<div class=\"elementor-container elementor-column-gap-default\">\n\t\t\t\t\t<div class=\"elementor-column elementor-col-25 elementor-top-column elementor-element elementor-element-127daeb\" data-id=\"127daeb\" data-element_type=\"column\" data-e-type=\"column\">\n\t\t\t<div class=\"elementor-widget-wrap elementor-element-populated\">\n\t\t\t\t\t\t<div class=\"elementor-element elementor-element-8175495 elementor-widget elementor-widget-image\" data-id=\"8175495\" data-element_type=\"widget\" data-e-type=\"widget\" data-settings=\"{&quot;ekit_we_effect_on&quot;:&quot;none&quot;}\" data-widget_type=\"image.default\">\n\t\t\t\t<div class=\"elementor-widget-container\">\n\t\t\t\t\t\t\t\t\t\t\t\t\t\t\t\t<a href=\"https:\/\/abaydentalcentre.com\/de\/treatment\/smile-design\/\">\n\t\t\t\t\t\t\t<img fetchpriority=\"high\" decoding=\"async\" width=\"1024\" height=\"768\" src=\"https:\/\/i0.wp.com\/abaydentalcentre.com\/wp-content\/uploads\/2023\/01\/smile-design.jpg?fit=1024%2C768&amp;ssl=1\" class=\"attachment-large size-large wp-image-1585\" alt=\"\" srcset=\"https:\/\/i0.wp.com\/abaydentalcentre.com\/wp-content\/uploads\/2023\/01\/smile-design.jpg?w=1920&amp;ssl=1 1920w, https:\/\/i0.wp.com\/abaydentalcentre.com\/wp-content\/uploads\/2023\/01\/smile-design.jpg?resize=300%2C225&amp;ssl=1 300w, https:\/\/i0.wp.com\/abaydentalcentre.com\/wp-content\/uploads\/2023\/01\/smile-design.jpg?resize=1024%2C768&amp;ssl=1 1024w, https:\/\/i0.wp.com\/abaydentalcentre.com\/wp-content\/uploads\/2023\/01\/smile-design.jpg?resize=768%2C576&amp;ssl=1 768w, https:\/\/i0.wp.com\/abaydentalcentre.com\/wp-content\/uploads\/2023\/01\/smile-design.jpg?resize=1536%2C1152&amp;ssl=1 1536w\" sizes=\"(max-width: 1024px) 100vw, 1024px\" \/>\t\t\t\t\t\t\t\t<\/a>\n\t\t\t\t\t\t\t\t\t\t\t\t\t\t\t<\/div>\n\t\t\t\t<\/div>\n\t\t\t\t<div class=\"elementor-element elementor-element-0ce4067 elementor-widget elementor-widget-heading\" data-id=\"0ce4067\" data-element_type=\"widget\" data-e-type=\"widget\" data-settings=\"{&quot;ekit_we_effect_on&quot;:&quot;none&quot;}\" data-widget_type=\"heading.default\">\n\t\t\t\t<div class=\"elementor-widget-container\">\n\t\t\t\t\t<h2 class=\"elementor-heading-title elementor-size-default\"><a href=\"https:\/\/abaydentalcentre.com\/de\/treatment\/smile-design\/\">L\u00e4chelndes Design<\/a><\/h2>\t\t\t\t<\/div>\n\t\t\t\t<\/div>\n\t\t\t\t<div class=\"elementor-element elementor-element-afcfc26 elementor-widget elementor-widget-heading\" data-id=\"afcfc26\" data-element_type=\"widget\" data-e-type=\"widget\" data-settings=\"{&quot;ekit_we_effect_on&quot;:&quot;none&quot;}\" data-widget_type=\"heading.default\">\n\t\t\t\t<div class=\"elementor-widget-container\">\n\t\t\t\t\t<p class=\"elementor-heading-title elementor-size-default\"><a href=\"https:\/\/abaydentalcentre.com\/de\/treatment\/smile-design\/\">Smile Design ist eine kosmetische Zahnanwendung, die darauf abzielt, Zahnprobleme beim L\u00e4cheln zu l\u00f6sen und ein \u00e4sthetisches L\u00e4cheln zu bieten. <\/a><\/p>\t\t\t\t<\/div>\n\t\t\t\t<\/div>\n\t\t\t\t<div class=\"elementor-element elementor-element-600bdeb elementor-align-center elementor-widget elementor-widget-button\" data-id=\"600bdeb\" data-element_type=\"widget\" data-e-type=\"widget\" data-settings=\"{&quot;ekit_we_effect_on&quot;:&quot;none&quot;}\" data-widget_type=\"button.default\">\n\t\t\t\t<div class=\"elementor-widget-container\">\n\t\t\t\t\t\t\t\t\t<div class=\"elementor-button-wrapper\">\n\t\t\t\t\t<a class=\"elementor-button elementor-button-link elementor-size-sm\" href=\"https:\/\/abaydentalcentre.com\/de\/treatment\/smile-design\/\">\n\t\t\t\t\t\t<span class=\"elementor-button-content-wrapper\">\n\t\t\t\t\t\t\t\t\t<span class=\"elementor-button-text\">Mehr Lesen<\/span>\n\t\t\t\t\t<\/span>\n\t\t\t\t\t<\/a>\n\t\t\t\t<\/div>\n\t\t\t\t\t\t\t\t<\/div>\n\t\t\t\t<\/div>\n\t\t\t\t\t<\/div>\n\t\t<\/div>\n\t\t\t\t<div class=\"elementor-column elementor-col-25 elementor-top-column elementor-element elementor-element-e26d1a2\" data-id=\"e26d1a2\" data-element_type=\"column\" data-e-type=\"column\">\n\t\t\t<div class=\"elementor-widget-wrap elementor-element-populated\">\n\t\t\t\t\t\t<div class=\"elementor-element elementor-element-a7e148e elementor-widget elementor-widget-image\" data-id=\"a7e148e\" data-element_type=\"widget\" data-e-type=\"widget\" data-settings=\"{&quot;ekit_we_effect_on&quot;:&quot;none&quot;}\" data-widget_type=\"image.default\">\n\t\t\t\t<div class=\"elementor-widget-container\">\n\t\t\t\t\t\t\t\t\t\t\t\t\t\t\t\t<a href=\"https:\/\/abaydentalcentre.com\/de\/treatment\/dental-crown\/\">\n\t\t\t\t\t\t\t<img decoding=\"async\" width=\"1024\" height=\"768\" src=\"https:\/\/i0.wp.com\/abaydentalcentre.com\/wp-content\/uploads\/2022\/05\/dental-crown.jpg?fit=1024%2C768&amp;ssl=1\" class=\"attachment-large size-large wp-image-427\" alt=\"\" srcset=\"https:\/\/i0.wp.com\/abaydentalcentre.com\/wp-content\/uploads\/2022\/05\/dental-crown.jpg?w=1140&amp;ssl=1 1140w, https:\/\/i0.wp.com\/abaydentalcentre.com\/wp-content\/uploads\/2022\/05\/dental-crown.jpg?resize=300%2C225&amp;ssl=1 300w, https:\/\/i0.wp.com\/abaydentalcentre.com\/wp-content\/uploads\/2022\/05\/dental-crown.jpg?resize=1024%2C768&amp;ssl=1 1024w, https:\/\/i0.wp.com\/abaydentalcentre.com\/wp-content\/uploads\/2022\/05\/dental-crown.jpg?resize=768%2C576&amp;ssl=1 768w\" sizes=\"(max-width: 1024px) 100vw, 1024px\" \/>\t\t\t\t\t\t\t\t<\/a>\n\t\t\t\t\t\t\t\t\t\t\t\t\t\t\t<\/div>\n\t\t\t\t<\/div>\n\t\t\t\t<div class=\"elementor-element elementor-element-dd989b3 elementor-widget elementor-widget-heading\" data-id=\"dd989b3\" data-element_type=\"widget\" data-e-type=\"widget\" data-settings=\"{&quot;ekit_we_effect_on&quot;:&quot;none&quot;}\" data-widget_type=\"heading.default\">\n\t\t\t\t<div class=\"elementor-widget-container\">\n\t\t\t\t\t<h2 class=\"elementor-heading-title elementor-size-default\"><a href=\"https:\/\/abaydentalcentre.com\/de\/treatment\/dental-crown\/\">Zahnkrone<\/a><\/h2>\t\t\t\t<\/div>\n\t\t\t\t<\/div>\n\t\t\t\t<div class=\"elementor-element elementor-element-abb925a elementor-widget elementor-widget-heading\" data-id=\"abb925a\" data-element_type=\"widget\" data-e-type=\"widget\" data-settings=\"{&quot;ekit_we_effect_on&quot;:&quot;none&quot;}\" data-widget_type=\"heading.default\">\n\t\t\t\t<div class=\"elementor-widget-container\">\n\t\t\t\t\t<p class=\"elementor-heading-title elementor-size-default\"><a href=\"https:\/\/abaydentalcentre.com\/de\/treatment\/dental-crown\/\">Dental crowns are caps placed over decayed or damaged teeth. Crowns are used to protect and cover teeth when fillings do not resolve...<\/a><\/p>\t\t\t\t<\/div>\n\t\t\t\t<\/div>\n\t\t\t\t<div class=\"elementor-element elementor-element-ca4ddd8 elementor-align-center elementor-widget elementor-widget-button\" data-id=\"ca4ddd8\" data-element_type=\"widget\" data-e-type=\"widget\" data-settings=\"{&quot;ekit_we_effect_on&quot;:&quot;none&quot;}\" data-widget_type=\"button.default\">\n\t\t\t\t<div class=\"elementor-widget-container\">\n\t\t\t\t\t\t\t\t\t<div class=\"elementor-button-wrapper\">\n\t\t\t\t\t<a class=\"elementor-button elementor-button-link elementor-size-sm\" href=\"https:\/\/abaydentalcentre.com\/de\/treatment\/dental-crown\/\">\n\t\t\t\t\t\t<span class=\"elementor-button-content-wrapper\">\n\t\t\t\t\t\t\t\t\t<span class=\"elementor-button-text\">Mehr Lesen<\/span>\n\t\t\t\t\t<\/span>\n\t\t\t\t\t<\/a>\n\t\t\t\t<\/div>\n\t\t\t\t\t\t\t\t<\/div>\n\t\t\t\t<\/div>\n\t\t\t\t\t<\/div>\n\t\t<\/div>\n\t\t\t\t<div class=\"elementor-column elementor-col-25 elementor-top-column elementor-element elementor-element-4573448\" data-id=\"4573448\" data-element_type=\"column\" data-e-type=\"column\">\n\t\t\t<div class=\"elementor-widget-wrap elementor-element-populated\">\n\t\t\t\t\t\t<div class=\"elementor-element elementor-element-d5fdec2 elementor-widget elementor-widget-image\" data-id=\"d5fdec2\" data-element_type=\"widget\" data-e-type=\"widget\" data-settings=\"{&quot;ekit_we_effect_on&quot;:&quot;none&quot;}\" data-widget_type=\"image.default\">\n\t\t\t\t<div class=\"elementor-widget-container\">\n\t\t\t\t\t\t\t\t\t\t\t\t\t\t\t\t<a href=\"https:\/\/abaydentalcentre.com\/de\/treatment\/gum-contouring\/\">\n\t\t\t\t\t\t\t<img decoding=\"async\" width=\"1024\" height=\"768\" src=\"https:\/\/i0.wp.com\/abaydentalcentre.com\/wp-content\/uploads\/2023\/01\/gum-contouring.jpg?fit=1024%2C768&amp;ssl=1\" class=\"attachment-large size-large wp-image-1568\" alt=\"\" srcset=\"https:\/\/i0.wp.com\/abaydentalcentre.com\/wp-content\/uploads\/2023\/01\/gum-contouring.jpg?w=1920&amp;ssl=1 1920w, https:\/\/i0.wp.com\/abaydentalcentre.com\/wp-content\/uploads\/2023\/01\/gum-contouring.jpg?resize=300%2C225&amp;ssl=1 300w, https:\/\/i0.wp.com\/abaydentalcentre.com\/wp-content\/uploads\/2023\/01\/gum-contouring.jpg?resize=1024%2C768&amp;ssl=1 1024w, https:\/\/i0.wp.com\/abaydentalcentre.com\/wp-content\/uploads\/2023\/01\/gum-contouring.jpg?resize=768%2C576&amp;ssl=1 768w, https:\/\/i0.wp.com\/abaydentalcentre.com\/wp-content\/uploads\/2023\/01\/gum-contouring.jpg?resize=1536%2C1152&amp;ssl=1 1536w\" sizes=\"(max-width: 1024px) 100vw, 1024px\" \/>\t\t\t\t\t\t\t\t<\/a>\n\t\t\t\t\t\t\t\t\t\t\t\t\t\t\t<\/div>\n\t\t\t\t<\/div>\n\t\t\t\t<div class=\"elementor-element elementor-element-c014ab2 elementor-widget elementor-widget-heading\" data-id=\"c014ab2\" data-element_type=\"widget\" data-e-type=\"widget\" data-settings=\"{&quot;ekit_we_effect_on&quot;:&quot;none&quot;}\" data-widget_type=\"heading.default\">\n\t\t\t\t<div class=\"elementor-widget-container\">\n\t\t\t\t\t<h2 class=\"elementor-heading-title elementor-size-default\"><a href=\"https:\/\/abaydentalcentre.com\/de\/treatment\/gum-contouring\/\">Zahnfleischkonturierung<\/a><\/h2>\t\t\t\t<\/div>\n\t\t\t\t<\/div>\n\t\t\t\t<div class=\"elementor-element elementor-element-061e340 elementor-widget elementor-widget-heading\" data-id=\"061e340\" data-element_type=\"widget\" data-e-type=\"widget\" data-settings=\"{&quot;ekit_we_effect_on&quot;:&quot;none&quot;}\" data-widget_type=\"heading.default\">\n\t\t\t\t<div class=\"elementor-widget-container\">\n\t\t\t\t\t<p class=\"elementor-heading-title elementor-size-default\"><a href=\"https:\/\/abaydentalcentre.com\/de\/treatment\/gum-contouring\/\">Formen von Gummi; Es ist ein zahn\u00e4rztliches Verfahren, das Ihren Zahnfleischsaum neu formt und von einem spezialisierten Zahnarzt...<\/a><\/p>\t\t\t\t<\/div>\n\t\t\t\t<\/div>\n\t\t\t\t<div class=\"elementor-element elementor-element-7cbe357 elementor-align-center elementor-widget elementor-widget-button\" data-id=\"7cbe357\" data-element_type=\"widget\" data-e-type=\"widget\" data-settings=\"{&quot;ekit_we_effect_on&quot;:&quot;none&quot;}\" data-widget_type=\"button.default\">\n\t\t\t\t<div class=\"elementor-widget-container\">\n\t\t\t\t\t\t\t\t\t<div class=\"elementor-button-wrapper\">\n\t\t\t\t\t<a class=\"elementor-button elementor-button-link elementor-size-sm\" href=\"https:\/\/abaydentalcentre.com\/de\/treatment\/gum-contouring\/\">\n\t\t\t\t\t\t<span class=\"elementor-button-content-wrapper\">\n\t\t\t\t\t\t\t\t\t<span class=\"elementor-button-text\">Mehr Lesen<\/span>\n\t\t\t\t\t<\/span>\n\t\t\t\t\t<\/a>\n\t\t\t\t<\/div>\n\t\t\t\t\t\t\t\t<\/div>\n\t\t\t\t<\/div>\n\t\t\t\t\t<\/div>\n\t\t<\/div>\n\t\t\t\t<div class=\"elementor-column elementor-col-25 elementor-top-column elementor-element elementor-element-4d7ce86\" data-id=\"4d7ce86\" data-element_type=\"column\" data-e-type=\"column\">\n\t\t\t<div class=\"elementor-widget-wrap elementor-element-populated\">\n\t\t\t\t\t\t<div class=\"elementor-element elementor-element-e20d259 elementor-widget elementor-widget-image\" data-id=\"e20d259\" data-element_type=\"widget\" data-e-type=\"widget\" data-settings=\"{&quot;ekit_we_effect_on&quot;:&quot;none&quot;}\" data-widget_type=\"image.default\">\n\t\t\t\t<div class=\"elementor-widget-container\">\n\t\t\t\t\t\t\t\t\t\t\t\t\t\t\t\t<a href=\"https:\/\/abaydentalcentre.com\/de\/treatment\/teeth-whitening\/\">\n\t\t\t\t\t\t\t<img loading=\"lazy\" decoding=\"async\" width=\"1024\" height=\"768\" src=\"https:\/\/i0.wp.com\/abaydentalcentre.com\/wp-content\/uploads\/2023\/01\/teeth-whitening.jpg?fit=1024%2C768&amp;ssl=1\" class=\"attachment-large size-large wp-image-1571\" alt=\"\" srcset=\"https:\/\/i0.wp.com\/abaydentalcentre.com\/wp-content\/uploads\/2023\/01\/teeth-whitening.jpg?w=1920&amp;ssl=1 1920w, https:\/\/i0.wp.com\/abaydentalcentre.com\/wp-content\/uploads\/2023\/01\/teeth-whitening.jpg?resize=300%2C225&amp;ssl=1 300w, https:\/\/i0.wp.com\/abaydentalcentre.com\/wp-content\/uploads\/2023\/01\/teeth-whitening.jpg?resize=1024%2C768&amp;ssl=1 1024w, https:\/\/i0.wp.com\/abaydentalcentre.com\/wp-content\/uploads\/2023\/01\/teeth-whitening.jpg?resize=768%2C576&amp;ssl=1 768w, https:\/\/i0.wp.com\/abaydentalcentre.com\/wp-content\/uploads\/2023\/01\/teeth-whitening.jpg?resize=1536%2C1152&amp;ssl=1 1536w\" sizes=\"(max-width: 1024px) 100vw, 1024px\" \/>\t\t\t\t\t\t\t\t<\/a>\n\t\t\t\t\t\t\t\t\t\t\t\t\t\t\t<\/div>\n\t\t\t\t<\/div>\n\t\t\t\t<div class=\"elementor-element elementor-element-93bd367 elementor-widget elementor-widget-heading\" data-id=\"93bd367\" data-element_type=\"widget\" data-e-type=\"widget\" data-settings=\"{&quot;ekit_we_effect_on&quot;:&quot;none&quot;}\" data-widget_type=\"heading.default\">\n\t\t\t\t<div class=\"elementor-widget-container\">\n\t\t\t\t\t<h2 class=\"elementor-heading-title elementor-size-default\"><a href=\"https:\/\/abaydentalcentre.com\/de\/treatment\/teeth-whitening\/\">Zahnaufhellung<\/a><\/h2>\t\t\t\t<\/div>\n\t\t\t\t<\/div>\n\t\t\t\t<div class=\"elementor-element elementor-element-f43bbd0 elementor-widget elementor-widget-heading\" data-id=\"f43bbd0\" data-element_type=\"widget\" data-e-type=\"widget\" data-settings=\"{&quot;ekit_we_effect_on&quot;:&quot;none&quot;}\" data-widget_type=\"heading.default\">\n\t\t\t\t<div class=\"elementor-widget-container\">\n\t\t\t\t\t<p class=\"elementor-heading-title elementor-size-default\"><a href=\"https:\/\/abaydentalcentre.com\/de\/treatment\/teeth-whitening\/\">Bei der Zahnaufhellung werden die Z\u00e4hne gebleicht, um sie heller zu machen. Zahnaufhellung macht Ihre Z\u00e4hne vielleicht nicht wei\u00dfer...<\/a><\/p>\t\t\t\t<\/div>\n\t\t\t\t<\/div>\n\t\t\t\t<div class=\"elementor-element elementor-element-6300d60 elementor-align-center elementor-widget elementor-widget-button\" data-id=\"6300d60\" data-element_type=\"widget\" data-e-type=\"widget\" data-settings=\"{&quot;ekit_we_effect_on&quot;:&quot;none&quot;}\" data-widget_type=\"button.default\">\n\t\t\t\t<div class=\"elementor-widget-container\">\n\t\t\t\t\t\t\t\t\t<div class=\"elementor-button-wrapper\">\n\t\t\t\t\t<a class=\"elementor-button elementor-button-link elementor-size-sm\" href=\"https:\/\/abaydentalcentre.com\/de\/treatment\/teeth-whitening\/\">\n\t\t\t\t\t\t<span class=\"elementor-button-content-wrapper\">\n\t\t\t\t\t\t\t\t\t<span class=\"elementor-button-text\">Mehr Lesen<\/span>\n\t\t\t\t\t<\/span>\n\t\t\t\t\t<\/a>\n\t\t\t\t<\/div>\n\t\t\t\t\t\t\t\t<\/div>\n\t\t\t\t<\/div>\n\t\t\t\t\t<\/div>\n\t\t<\/div>\n\t\t\t\t\t<\/div>\n\t\t<\/section>\n\t\t\t\t<\/div>\n\t\t","protected":false},"excerpt":{"rendered":"<p>L\u00e4chelndes Design Smile Design ist eine kosmetische Zahnanwendung, die darauf abzielt, Zahnprobleme beim L\u00e4cheln zu l\u00f6sen und ein \u00e4sthetisches L\u00e4cheln zu bieten. Mehr Lesen Zahnkrone Dental crowns are caps placed over decayed or damaged teeth. Crowns are used to protect and cover teeth when fillings do not resolve&#8230; Mehr Lesen Zahnfleischkonturierung Formen von Gummi; Es&hellip;&nbsp;<\/p>\n","protected":false},"author":1,"featured_media":0,"parent":0,"menu_order":0,"comment_status":"closed","ping_status":"closed","template":"","meta":{"neve_meta_sidebar":"","neve_meta_container":"","neve_meta_enable_content_width":"","neve_meta_content_width":0,"neve_meta_title_alignment":"","neve_meta_author_avatar":"","neve_post_elements_order":"","neve_meta_disable_header":"","neve_meta_disable_footer":"","neve_meta_disable_title":"","footnotes":""},"class_list":["post-1671","page","type-page","status-publish","hentry"],"yoast_head":"<!-- This site is optimized with the Yoast SEO plugin v27.4 - https:\/\/yoast.com\/product\/yoast-seo-wordpress\/ -->\n<title>Smile Makeover - Abay Dental<\/title>\n<meta name=\"description\" content=\"L\u00e4chelndes Design, Zahnkrone, Zahnfleischkonturierung und Zahnaufhellung\" \/>\n<meta name=\"robots\" content=\"index, follow, max-snippet:-1, max-image-preview:large, max-video-preview:-1\" \/>\n<link rel=\"canonical\" href=\"https:\/\/abaydentalcentre.com\/de\/smile-makeover\/\" \/>\n<meta property=\"og:locale\" content=\"de_DE\" \/>\n<meta property=\"og:type\" content=\"article\" \/>\n<meta property=\"og:title\" content=\"Smile Makeover - Abay Dental\" \/>\n<meta property=\"og:description\" content=\"L\u00e4chelndes Design, Zahnkrone, Zahnfleischkonturierung und Zahnaufhellung\" \/>\n<meta property=\"og:url\" content=\"https:\/\/abaydentalcentre.com\/de\/smile-makeover\/\" \/>\n<meta property=\"og:site_name\" content=\"Abay Dental\" \/>\n<meta property=\"article:publisher\" content=\"https:\/\/facebook.com\/abaydentalclinic\/\" \/>\n<meta property=\"article:modified_time\" content=\"2023-01-24T01:19:40+00:00\" \/>\n<meta property=\"og:image\" content=\"https:\/\/abaydentalcentre.com\/wp-content\/uploads\/2023\/01\/smile-design-1024x768.jpg\" \/>\n<meta name=\"twitter:card\" content=\"summary_large_image\" \/>\n<meta name=\"twitter:label1\" content=\"Gesch\u00e4tzte Lesezeit\" \/>\n\t<meta name=\"twitter:data1\" content=\"2\u00a0Minuten\" \/>\n<script type=\"application\/ld+json\" class=\"yoast-schema-graph\">{\"@context\":\"https:\\\/\\\/schema.org\",\"@graph\":[{\"@type\":\"WebPage\",\"@id\":\"https:\\\/\\\/abaydentalcentre.com\\\/de\\\/smile-makeover\\\/\",\"url\":\"https:\\\/\\\/abaydentalcentre.com\\\/de\\\/smile-makeover\\\/\",\"name\":\"Smile Makeover - Abay Dental\",\"isPartOf\":{\"@id\":\"https:\\\/\\\/abaydentalcentre.com\\\/#website\"},\"primaryImageOfPage\":{\"@id\":\"https:\\\/\\\/abaydentalcentre.com\\\/de\\\/smile-makeover\\\/#primaryimage\"},\"image\":{\"@id\":\"https:\\\/\\\/abaydentalcentre.com\\\/de\\\/smile-makeover\\\/#primaryimage\"},\"thumbnailUrl\":\"https:\\\/\\\/abaydentalcentre.com\\\/wp-content\\\/uploads\\\/2023\\\/01\\\/smile-design-1024x768.jpg\",\"datePublished\":\"2023-01-16T13:11:01+00:00\",\"dateModified\":\"2023-01-24T01:19:40+00:00\",\"description\":\"L\u00e4chelndes Design, Zahnkrone, Zahnfleischkonturierung und Zahnaufhellung\",\"breadcrumb\":{\"@id\":\"https:\\\/\\\/abaydentalcentre.com\\\/de\\\/smile-makeover\\\/#breadcrumb\"},\"inLanguage\":\"de\",\"potentialAction\":[{\"@type\":\"ReadAction\",\"target\":[\"https:\\\/\\\/abaydentalcentre.com\\\/de\\\/smile-makeover\\\/\"]}]},{\"@type\":\"ImageObject\",\"inLanguage\":\"de\",\"@id\":\"https:\\\/\\\/abaydentalcentre.com\\\/de\\\/smile-makeover\\\/#primaryimage\",\"url\":\"https:\\\/\\\/abaydentalcentre.com\\\/wp-content\\\/uploads\\\/2023\\\/01\\\/smile-design-1024x768.jpg\",\"contentUrl\":\"https:\\\/\\\/abaydentalcentre.com\\\/wp-content\\\/uploads\\\/2023\\\/01\\\/smile-design-1024x768.jpg\"},{\"@type\":\"BreadcrumbList\",\"@id\":\"https:\\\/\\\/abaydentalcentre.com\\\/de\\\/smile-makeover\\\/#breadcrumb\",\"itemListElement\":[{\"@type\":\"ListItem\",\"position\":1,\"name\":\"Home\",\"item\":\"https:\\\/\\\/abaydentalcentre.com\\\/de\\\/\"},{\"@type\":\"ListItem\",\"position\":2,\"name\":\"Smile Makeover\"}]},{\"@type\":\"WebSite\",\"@id\":\"https:\\\/\\\/abaydentalcentre.com\\\/#website\",\"url\":\"https:\\\/\\\/abaydentalcentre.com\\\/\",\"name\":\"Abay Dental\",\"description\":\"Dental Treatment in Antalya\",\"publisher\":{\"@id\":\"https:\\\/\\\/abaydentalcentre.com\\\/#organization\"},\"potentialAction\":[{\"@type\":\"SearchAction\",\"target\":{\"@type\":\"EntryPoint\",\"urlTemplate\":\"https:\\\/\\\/abaydentalcentre.com\\\/?s={search_term_string}\"},\"query-input\":{\"@type\":\"PropertyValueSpecification\",\"valueRequired\":true,\"valueName\":\"search_term_string\"}}],\"inLanguage\":\"de\"},{\"@type\":\"Organization\",\"@id\":\"https:\\\/\\\/abaydentalcentre.com\\\/#organization\",\"name\":\"Abay Dental\",\"url\":\"https:\\\/\\\/abaydentalcentre.com\\\/\",\"logo\":{\"@type\":\"ImageObject\",\"inLanguage\":\"de\",\"@id\":\"https:\\\/\\\/abaydentalcentre.com\\\/#\\\/schema\\\/logo\\\/image\\\/\",\"url\":\"https:\\\/\\\/i0.wp.com\\\/abaydentalcentre.com\\\/wp-content\\\/uploads\\\/2023\\\/01\\\/abay_logo_dikey_koyu.png?fit=4877%2C4414&ssl=1\",\"contentUrl\":\"https:\\\/\\\/i0.wp.com\\\/abaydentalcentre.com\\\/wp-content\\\/uploads\\\/2023\\\/01\\\/abay_logo_dikey_koyu.png?fit=4877%2C4414&ssl=1\",\"width\":4877,\"height\":4414,\"caption\":\"Abay Dental\"},\"image\":{\"@id\":\"https:\\\/\\\/abaydentalcentre.com\\\/#\\\/schema\\\/logo\\\/image\\\/\"},\"sameAs\":[\"https:\\\/\\\/facebook.com\\\/abaydentalclinic\\\/\",\"https:\\\/\\\/instagram.com\\\/abay.dental\"]}]}<\/script>\n<!-- \/ Yoast SEO plugin. -->","yoast_head_json":{"title":"Smile Makeover - Abay Dental","description":"L\u00e4chelndes Design, Zahnkrone, Zahnfleischkonturierung und Zahnaufhellung","robots":{"index":"index","follow":"follow","max-snippet":"max-snippet:-1","max-image-preview":"max-image-preview:large","max-video-preview":"max-video-preview:-1"},"canonical":"https:\/\/abaydentalcentre.com\/de\/smile-makeover\/","og_locale":"de_DE","og_type":"article","og_title":"Smile Makeover - Abay Dental","og_description":"L\u00e4chelndes Design, Zahnkrone, Zahnfleischkonturierung und Zahnaufhellung","og_url":"https:\/\/abaydentalcentre.com\/de\/smile-makeover\/","og_site_name":"Abay Dental","article_publisher":"https:\/\/facebook.com\/abaydentalclinic\/","article_modified_time":"2023-01-24T01:19:40+00:00","og_image":[{"url":"https:\/\/abaydentalcentre.com\/wp-content\/uploads\/2023\/01\/smile-design-1024x768.jpg","type":"","width":"","height":""}],"twitter_card":"summary_large_image","twitter_misc":{"Gesch\u00e4tzte Lesezeit":"2\u00a0Minuten"},"schema":{"@context":"https:\/\/schema.org","@graph":[{"@type":"WebPage","@id":"https:\/\/abaydentalcentre.com\/de\/smile-makeover\/","url":"https:\/\/abaydentalcentre.com\/de\/smile-makeover\/","name":"Smile Makeover - Abay Dental","isPartOf":{"@id":"https:\/\/abaydentalcentre.com\/#website"},"primaryImageOfPage":{"@id":"https:\/\/abaydentalcentre.com\/de\/smile-makeover\/#primaryimage"},"image":{"@id":"https:\/\/abaydentalcentre.com\/de\/smile-makeover\/#primaryimage"},"thumbnailUrl":"https:\/\/abaydentalcentre.com\/wp-content\/uploads\/2023\/01\/smile-design-1024x768.jpg","datePublished":"2023-01-16T13:11:01+00:00","dateModified":"2023-01-24T01:19:40+00:00","description":"L\u00e4chelndes Design, Zahnkrone, Zahnfleischkonturierung und Zahnaufhellung","breadcrumb":{"@id":"https:\/\/abaydentalcentre.com\/de\/smile-makeover\/#breadcrumb"},"inLanguage":"de","potentialAction":[{"@type":"ReadAction","target":["https:\/\/abaydentalcentre.com\/de\/smile-makeover\/"]}]},{"@type":"ImageObject","inLanguage":"de","@id":"https:\/\/abaydentalcentre.com\/de\/smile-makeover\/#primaryimage","url":"https:\/\/abaydentalcentre.com\/wp-content\/uploads\/2023\/01\/smile-design-1024x768.jpg","contentUrl":"https:\/\/abaydentalcentre.com\/wp-content\/uploads\/2023\/01\/smile-design-1024x768.jpg"},{"@type":"BreadcrumbList","@id":"https:\/\/abaydentalcentre.com\/de\/smile-makeover\/#breadcrumb","itemListElement":[{"@type":"ListItem","position":1,"name":"Home","item":"https:\/\/abaydentalcentre.com\/de\/"},{"@type":"ListItem","position":2,"name":"Smile Makeover"}]},{"@type":"WebSite","@id":"https:\/\/abaydentalcentre.com\/#website","url":"https:\/\/abaydentalcentre.com\/","name":"Abay Dental","description":"Dental Treatment in Antalya","publisher":{"@id":"https:\/\/abaydentalcentre.com\/#organization"},"potentialAction":[{"@type":"SearchAction","target":{"@type":"EntryPoint","urlTemplate":"https:\/\/abaydentalcentre.com\/?s={search_term_string}"},"query-input":{"@type":"PropertyValueSpecification","valueRequired":true,"valueName":"search_term_string"}}],"inLanguage":"de"},{"@type":"Organization","@id":"https:\/\/abaydentalcentre.com\/#organization","name":"Abay Dental","url":"https:\/\/abaydentalcentre.com\/","logo":{"@type":"ImageObject","inLanguage":"de","@id":"https:\/\/abaydentalcentre.com\/#\/schema\/logo\/image\/","url":"https:\/\/i0.wp.com\/abaydentalcentre.com\/wp-content\/uploads\/2023\/01\/abay_logo_dikey_koyu.png?fit=4877%2C4414&ssl=1","contentUrl":"https:\/\/i0.wp.com\/abaydentalcentre.com\/wp-content\/uploads\/2023\/01\/abay_logo_dikey_koyu.png?fit=4877%2C4414&ssl=1","width":4877,"height":4414,"caption":"Abay Dental"},"image":{"@id":"https:\/\/abaydentalcentre.com\/#\/schema\/logo\/image\/"},"sameAs":["https:\/\/facebook.com\/abaydentalclinic\/","https:\/\/instagram.com\/abay.dental"]}]}},"jetpack_sharing_enabled":true,"_links":{"self":[{"href":"https:\/\/abaydentalcentre.com\/de\/wp-json\/wp\/v2\/pages\/1671","targetHints":{"allow":["GET"]}}],"collection":[{"href":"https:\/\/abaydentalcentre.com\/de\/wp-json\/wp\/v2\/pages"}],"about":[{"href":"https:\/\/abaydentalcentre.com\/de\/wp-json\/wp\/v2\/types\/page"}],"author":[{"embeddable":true,"href":"https:\/\/abaydentalcentre.com\/de\/wp-json\/wp\/v2\/users\/1"}],"replies":[{"embeddable":true,"href":"https:\/\/abaydentalcentre.com\/de\/wp-json\/wp\/v2\/comments?post=1671"}],"version-history":[{"count":4,"href":"https:\/\/abaydentalcentre.com\/de\/wp-json\/wp\/v2\/pages\/1671\/revisions"}],"predecessor-version":[{"id":1768,"href":"https:\/\/abaydentalcentre.com\/de\/wp-json\/wp\/v2\/pages\/1671\/revisions\/1768"}],"wp:attachment":[{"href":"https:\/\/abaydentalcentre.com\/de\/wp-json\/wp\/v2\/media?parent=1671"}],"curies":[{"name":"wp","href":"https:\/\/api.w.org\/{rel}","templated":true}]}}